{"id":1177,"date":"2023-03-08T15:45:37","date_gmt":"2023-03-08T19:45:37","guid":{"rendered":"https:\/\/institutoescuelamaracay.com\/web\/?page_id=1177"},"modified":"2026-02-07T19:24:11","modified_gmt":"2026-02-07T18:24:11","slug":"orientaciones-para-el-proceso-de-solicitud-de-cupoano-escolar-2024-2025","status":"publish","type":"page","link":"https:\/\/institutoescuelamaracay.com\/portal\/index.php\/orientaciones-para-el-proceso-de-solicitud-de-cupoano-escolar-2024-2025\/","title":{"rendered":"ORIENTACIONES PARA EL PROCESO DE SOLICITUD DE CUPO A\u00d1O ESCOLAR 2024-2025"},"content":{"rendered":"\t\t<div data-elementor-type=\"wp-page\" data-elementor-id=\"1177\" class=\"elementor elementor-1177\" data-elementor-post-type=\"page\">\n\t\t\t\t\t\t<section class=\"elementor-section elementor-top-section elementor-element elementor-element-bdd8920 elementor-section-boxed elementor-section-height-default elementor-section-height-default\" data-id=\"bdd8920\" data-element_type=\"section\" data-e-type=\"section\">\n\t\t\t\t\t\t<div class=\"elementor-container elementor-column-gap-default\">\n\t\t\t\t\t<div class=\"elementor-column elementor-col-100 elementor-top-column elementor-element elementor-element-c5bd31e\" data-id=\"c5bd31e\" data-element_type=\"column\" data-e-type=\"column\">\n\t\t\t<div class=\"elementor-widget-wrap elementor-element-populated\">\n\t\t\t\t\t\t<div class=\"elementor-element elementor-element-8682801 elementor-widget elementor-widget-heading\" data-id=\"8682801\" data-element_type=\"widget\" data-e-type=\"widget\" data-widget_type=\"heading.default\">\n\t\t\t\t\t<h2 class=\"elementor-heading-title elementor-size-default\">ORIENTACIONES  PARA EL PROCESO DE SOLICITUD DE CUPO<\/h2>\t\t\t\t<\/div>\n\t\t\t\t<div class=\"elementor-element elementor-element-b4c1b5f elementor-widget elementor-widget-heading\" data-id=\"b4c1b5f\" data-element_type=\"widget\" data-e-type=\"widget\" data-widget_type=\"heading.default\">\n\t\t\t\t\t<h3 class=\"elementor-heading-title elementor-size-default\">A\u00d1O ESCOLAR 2026-2027<\/h3>\t\t\t\t<\/div>\n\t\t\t\t<div class=\"elementor-element elementor-element-8b1a036 elementor-widget elementor-widget-heading\" data-id=\"8b1a036\" data-element_type=\"widget\" data-e-type=\"widget\" data-widget_type=\"heading.default\">\n\t\t\t\t\t<h4 class=\"elementor-heading-title elementor-size-default\">Educaci\u00f3n Inicial (Pre-Escolar), Educaci\u00f3n Primaria y Educaci\u00f3n Media General\n<\/h4>\t\t\t\t<\/div>\n\t\t\t\t<div class=\"elementor-element elementor-element-b26eae2 elementor-widget elementor-widget-text-editor\" data-id=\"b26eae2\" data-element_type=\"widget\" data-e-type=\"widget\" data-widget_type=\"text-editor.default\">\n\t\t\t\t\t\t\t\t\t<p>Estimados Padres, Madres y Representantes,<\/p><p>Gracias por su inter\u00e9s en formar parte de la gran familia del Instituto Escuela \u201cMaracay\u201d.<\/p><p>Los pasos a seguir en el proceso de solicitud de cupo son los siguientes:<\/p><ol><li>Solicitar a trav\u00e9s del WhatsApp institucional (0424-3472987) o de forma presencial en la instituci\u00f3n, la fecha y hora para la entrevista.<\/li><li>El representante deber\u00e1 entregar los requisitos que se indican a continuaci\u00f3n:<\/li><\/ol>\t\t\t\t\t\t\t\t<\/div>\n\t\t\t\t<div class=\"elementor-element elementor-element-bab5a05 elementor-widget elementor-widget-text-editor\" data-id=\"bab5a05\" data-element_type=\"widget\" data-e-type=\"widget\" data-widget_type=\"text-editor.default\">\n\t\t\t\t\t\t\t\t\t<table border=\"1\" width=\"679\" cellspacing=\"0\" cellpadding=\"0\" align=\"left\"><tbody><tr><td valign=\"top\" width=\"679\"><ul><li>Ficha de Solicitud de Cupo debidamente llenada y firmada por el representante.<\/li><li>Fotocopia con vista al original de la Partida de Nacimiento.<\/li><li>Fotocopia ampliada con vista al original de la C\u00e9dula de Identidad del estudiante (5\u00b0 y 6\u00b0 Grado de Educaci\u00f3n Primaria y Educaci\u00f3n Media General).<\/li><li>Fotocopia de la C\u00e9dula de Identidad del padre y de la madre.<\/li><li>Dos (02) fotograf\u00edas tipo carnet del estudiante, del padre y de la madre.<\/li><li>Fotocopia con vista al original del Bolet\u00edn Descriptivo del presente a\u00f1o escolar (Pre-Escolar y Educaci\u00f3n Primaria).<\/li><li>Fotocopia con vista al original del Bolet\u00edn de Calificaciones del presente a\u00f1o escolar (Educaci\u00f3n Media General).<\/li><li>Fotocopia con vista al original del bolet\u00edn del a\u00f1o escolar anterior.<\/li><li>Constancia de trabajo con sueldo y\/o certificaci\u00f3n de ingresos.<\/li><li>Referencia(s) Bancaria(s).<\/li><li>Solvencia Administrativa (si la procedencia es de un plantel privado).<\/li><li>En caso de ser referido por alg\u00fan(os) representante(s) actual(es) o antiguo(s) del colegio, favor traer carta(s) de referencia.<\/li><li>Si el representante no es el padre o la madre, consignar el \u201cpermiso\u201d emanado por la correspondiente Jurisdicci\u00f3n en materia \u00a0de Ni\u00f1os, Ni\u00f1as y Adolescentes.<\/li><\/ul><\/td><\/tr><\/tbody><\/table>\t\t\t\t\t\t\t\t<\/div>\n\t\t\t\t<div class=\"elementor-element elementor-element-206a2a0 elementor-widget elementor-widget-heading\" data-id=\"206a2a0\" data-element_type=\"widget\" data-e-type=\"widget\" data-widget_type=\"heading.default\">\n\t\t\t\t\t<h6 class=\"elementor-heading-title elementor-size-default\">Nota: Las fotocopias deben ser LEGIBLES<\/h6>\t\t\t\t<\/div>\n\t\t\t\t<div class=\"elementor-element elementor-element-37c165d elementor-widget elementor-widget-text-editor\" data-id=\"37c165d\" data-element_type=\"widget\" data-e-type=\"widget\" data-widget_type=\"text-editor.default\">\n\t\t\t\t\t\t\t\t\t<p>3. Al tener todos los requisitos antes mencionados, consignarlos en la fecha y hora previamente establecidas para la entrevista en un sobre manila, identificado de la siguiente forma:<\/p>\t\t\t\t\t\t\t\t<\/div>\n\t\t\t\t\t<\/div>\n\t\t<\/div>\n\t\t\t\t\t<\/div>\n\t\t<\/section>\n\t\t\t\t<section class=\"elementor-section elementor-top-section elementor-element elementor-element-a4e6535 elementor-section-boxed elementor-section-height-default elementor-section-height-default\" data-id=\"a4e6535\" data-element_type=\"section\" data-e-type=\"section\">\n\t\t\t\t\t\t<div class=\"elementor-container elementor-column-gap-default\">\n\t\t\t\t\t<div class=\"elementor-column elementor-col-100 elementor-top-column elementor-element elementor-element-b14e2f9\" data-id=\"b14e2f9\" data-element_type=\"column\" data-e-type=\"column\">\n\t\t\t<div class=\"elementor-widget-wrap elementor-element-populated\">\n\t\t\t\t\t\t<div class=\"elementor-element elementor-element-1f266f7 elementor-widget elementor-widget-image\" data-id=\"1f266f7\" data-element_type=\"widget\" data-e-type=\"widget\" data-widget_type=\"image.default\">\n\t\t\t\t\t\t\t\t\t\t\t\t\t\t\t<img decoding=\"async\" src=\"https:\/\/institutoescuelamaracay.com\/portal\/wp-content\/uploads\/2026\/02\/etiqueta.png\" title=\"etiqueta\" alt=\"etiqueta\" loading=\"lazy\" \/>\t\t\t\t\t\t\t\t\t\t\t\t\t\t\t<\/div>\n\t\t\t\t<div class=\"elementor-element elementor-element-21099e1 elementor-widget elementor-widget-text-editor\" data-id=\"21099e1\" data-element_type=\"widget\" data-e-type=\"widget\" data-widget_type=\"text-editor.default\">\n\t\t\t\t\t\t\t\t\t<ul><li>Para la entrevista deben asistir los padres y\/o representantes con el(la) aspirante.<\/li><\/ul>\t\t\t\t\t\t\t\t<\/div>\n\t\t\t\t<div class=\"elementor-element elementor-element-36dabda elementor-widget elementor-widget-heading\" data-id=\"36dabda\" data-element_type=\"widget\" data-e-type=\"widget\" data-widget_type=\"heading.default\">\n\t\t\t\t\t<h5 class=\"elementor-heading-title elementor-size-default\">IMPORTANTE: la realizaci\u00f3n de la entrevista NO garantiza el cupo<\/h5>\t\t\t\t<\/div>\n\t\t\t\t<div class=\"elementor-element elementor-element-ef19641 elementor-widget elementor-widget-image\" data-id=\"ef19641\" data-element_type=\"widget\" data-e-type=\"widget\" data-widget_type=\"image.default\">\n\t\t\t\t\t\t\t\t\t\t\t\t\t\t\t\t<a href=\"https:\/\/api.whatsapp.com\/send\/?phone=584243472987&#038;text=Hola+%2AUEP+Instituto+Escuela+%22Maracay%22%2A.+Necesito+m%C3%A1s+informaci%C3%B3n+sobre+el+proceso+de+solicitud+de+cupo.&#038;type=phone_number&#038;app_absent=0\">\n\t\t\t\t\t\t\t<img decoding=\"async\" width=\"301\" height=\"95\" src=\"https:\/\/institutoescuelamaracay.com\/portal\/wp-content\/uploads\/2023\/03\/pulse4.png\" class=\"attachment-large size-large wp-image-1276\" alt=\"\" \/>\t\t\t\t\t\t\t\t<\/a>\n\t\t\t\t\t\t\t\t\t\t\t\t\t\t\t<\/div>\n\t\t\t\t\t<\/div>\n\t\t<\/div>\n\t\t\t\t\t<\/div>\n\t\t<\/section>\n\t\t\t\t<\/div>\n\t\t","protected":false},"excerpt":{"rendered":"<p>ORIENTACIONES PARA EL PROCESO DE SOLICITUD DE CUPO A\u00d1O ESCOLAR 2026-2027 Educaci\u00f3n Inicial (Pre-Escolar), Educaci\u00f3n Primaria y Educaci\u00f3n Media General Estimados Padres, Madres y Representantes, Gracias por su inter\u00e9s en formar parte de la gran familia del Instituto Escuela \u201cMaracay\u201d. Los pasos a seguir en el proceso de solicitud de cupo son los siguientes: Solicitar [&hellip;]<\/p>\n","protected":false},"author":1,"featured_media":0,"parent":0,"menu_order":0,"comment_status":"closed","ping_status":"closed","template":"","meta":{"footnotes":""},"class_list":["post-1177","page","type-page","status-publish","hentry"],"_links":{"self":[{"href":"https:\/\/institutoescuelamaracay.com\/portal\/index.php\/wp-json\/wp\/v2\/pages\/1177","targetHints":{"allow":["GET"]}}],"collection":[{"href":"https:\/\/institutoescuelamaracay.com\/portal\/index.php\/wp-json\/wp\/v2\/pages"}],"about":[{"href":"https:\/\/institutoescuelamaracay.com\/portal\/index.php\/wp-json\/wp\/v2\/types\/page"}],"author":[{"embeddable":true,"href":"https:\/\/institutoescuelamaracay.com\/portal\/index.php\/wp-json\/wp\/v2\/users\/1"}],"replies":[{"embeddable":true,"href":"https:\/\/institutoescuelamaracay.com\/portal\/index.php\/wp-json\/wp\/v2\/comments?post=1177"}],"version-history":[{"count":12,"href":"https:\/\/institutoescuelamaracay.com\/portal\/index.php\/wp-json\/wp\/v2\/pages\/1177\/revisions"}],"predecessor-version":[{"id":1753,"href":"https:\/\/institutoescuelamaracay.com\/portal\/index.php\/wp-json\/wp\/v2\/pages\/1177\/revisions\/1753"}],"wp:attachment":[{"href":"https:\/\/institutoescuelamaracay.com\/portal\/index.php\/wp-json\/wp\/v2\/media?parent=1177"}],"curies":[{"name":"wp","href":"https:\/\/api.w.org\/{rel}","templated":true}]}}