{"id":71,"date":"2022-02-21T07:15:21","date_gmt":"2022-02-21T11:15:21","guid":{"rendered":"https:\/\/institutoescuelamaracay.com\/web\/?page_id=71"},"modified":"2022-02-21T07:15:21","modified_gmt":"2022-02-21T11:15:21","slug":"contactanos","status":"publish","type":"page","link":"https:\/\/institutoescuelamaracay.com\/portal\/index.php\/contactanos\/","title":{"rendered":"Cont\u00e1ctanos"},"content":{"rendered":"\t\t<div data-elementor-type=\"wp-page\" data-elementor-id=\"71\" class=\"elementor elementor-71\" data-elementor-post-type=\"page\">\n\t\t\t\t\t\t<section class=\"elementor-section elementor-top-section elementor-element elementor-element-50cfdd3 elementor-section-boxed elementor-section-height-default elementor-section-height-default\" data-id=\"50cfdd3\" data-element_type=\"section\" data-e-type=\"section\">\n\t\t\t\t\t\t<div class=\"elementor-container elementor-column-gap-default\">\n\t\t\t\t\t<div class=\"elementor-column elementor-col-100 elementor-top-column elementor-element elementor-element-51a659f\" data-id=\"51a659f\" data-element_type=\"column\" data-e-type=\"column\">\n\t\t\t<div class=\"elementor-widget-wrap elementor-element-populated\">\n\t\t\t\t\t\t<div class=\"elementor-element elementor-element-b027a1e elementor-widget elementor-widget-text-editor\" data-id=\"b027a1e\" data-element_type=\"widget\" data-e-type=\"widget\" data-widget_type=\"text-editor.default\">\n\t\t\t\t\t\t\t\t\t<p>\u00a0<\/p><p><strong>Direcci\u00f3n:<\/strong> Calle P\u00e1ez Oeste Nro. 120 Maracay, estado Aragua Venezuela<\/p><p><strong>Tel\u00e9fono:<\/strong>\u00a0\u00a0 \u00a0<a class=\"text-3\" href=\"tel:+1234567890\">(0243) 2455112<\/a><\/p>\t\t\t\t\t\t\t\t<\/div>\n\t\t\t\t<div class=\"elementor-element elementor-element-7cfe7f5 elementor-widget elementor-widget-heading\" data-id=\"7cfe7f5\" data-element_type=\"widget\" data-e-type=\"widget\" data-widget_type=\"heading.default\">\n\t\t\t\t\t<h2 class=\"elementor-heading-title elementor-size-default\">\u00bfC\u00f3mo llegar?<\/h2>\t\t\t\t<\/div>\n\t\t\t\t<div class=\"elementor-element elementor-element-8c5f603 elementor-widget elementor-widget-google_maps\" data-id=\"8c5f603\" data-element_type=\"widget\" data-e-type=\"widget\" data-widget_type=\"google_maps.default\">\n\t\t\t\t\t\t\t<div class=\"elementor-custom-embed\">\n\t\t\t<iframe loading=\"lazy\"\n\t\t\t\t\tsrc=\"https:\/\/maps.google.com\/maps?q=Instituto%20Escuela%20Maracay&#038;t=m&#038;z=18&#038;output=embed&#038;iwloc=near\"\n\t\t\t\t\ttitle=\"Instituto Escuela Maracay\"\n\t\t\t\t\taria-label=\"Instituto Escuela Maracay\"\n\t\t\t><\/iframe>\n\t\t<\/div>\n\t\t\t\t\t\t<\/div>\n\t\t\t\t\t<\/div>\n\t\t<\/div>\n\t\t\t\t\t<\/div>\n\t\t<\/section>\n\t\t\t\t<\/div>\n\t\t","protected":false},"excerpt":{"rendered":"<p>\u00a0 Direcci\u00f3n: Calle P\u00e1ez Oeste Nro. 120 Maracay, estado Aragua Venezuela Tel\u00e9fono:\u00a0\u00a0 \u00a0(0243) 2455112 \u00bfC\u00f3mo llegar?<\/p>\n","protected":false},"author":1,"featured_media":0,"parent":0,"menu_order":0,"comment_status":"closed","ping_status":"closed","template":"","meta":{"footnotes":""},"class_list":["post-71","page","type-page","status-publish","hentry"],"_links":{"self":[{"href":"https:\/\/institutoescuelamaracay.com\/portal\/index.php\/wp-json\/wp\/v2\/pages\/71","targetHints":{"allow":["GET"]}}],"collection":[{"href":"https:\/\/institutoescuelamaracay.com\/portal\/index.php\/wp-json\/wp\/v2\/pages"}],"about":[{"href":"https:\/\/institutoescuelamaracay.com\/portal\/index.php\/wp-json\/wp\/v2\/types\/page"}],"author":[{"embeddable":true,"href":"https:\/\/institutoescuelamaracay.com\/portal\/index.php\/wp-json\/wp\/v2\/users\/1"}],"replies":[{"embeddable":true,"href":"https:\/\/institutoescuelamaracay.com\/portal\/index.php\/wp-json\/wp\/v2\/comments?post=71"}],"version-history":[{"count":0,"href":"https:\/\/institutoescuelamaracay.com\/portal\/index.php\/wp-json\/wp\/v2\/pages\/71\/revisions"}],"wp:attachment":[{"href":"https:\/\/institutoescuelamaracay.com\/portal\/index.php\/wp-json\/wp\/v2\/media?parent=71"}],"curies":[{"name":"wp","href":"https:\/\/api.w.org\/{rel}","templated":true}]}}